{"id":9,"date":"2018-03-10T18:45:17","date_gmt":"2018-03-10T17:45:17","guid":{"rendered":"http:\/\/localhost\/localhazards\/?page_id=9"},"modified":"2023-06-22T20:15:44","modified_gmt":"2023-06-22T18:15:44","slug":"ueber-mich","status":"publish","type":"page","link":"https:\/\/localhazards.de\/?page_id=9","title":{"rendered":"Die Band"},"content":{"rendered":"\n<figure class=\"wp-block-image\"><img loading=\"lazy\" decoding=\"async\" width=\"1024\" height=\"683\" src=\"http:\/\/localhazards.de\/wp-content\/uploads\/2023\/06\/Local-Hazards-2023-1024x683.jpg\" alt=\"\" class=\"wp-image-3607\" srcset=\"https:\/\/localhazards.de\/wp-content\/uploads\/2023\/06\/Local-Hazards-2023-1024x683.jpg 1024w, https:\/\/localhazards.de\/wp-content\/uploads\/2023\/06\/Local-Hazards-2023-300x200.jpg 300w, https:\/\/localhazards.de\/wp-content\/uploads\/2023\/06\/Local-Hazards-2023-768x512.jpg 768w\" sizes=\"(max-width: 1024px) 100vw, 1024px\" \/><\/figure>\n\n\n\n<p style=\"text-align:center\" class=\"has-text-color has-very-light-gray-color\">Seit Herbst 2009, als sich die Band f\u00fcr eine Hochzeit von Freunden zusammen tat, liegt uns vor allem eines am Herzen: Musik, die wir selber m\u00f6gen, live auf die B\u00fchne zu bringen. Und weil wir selbst gerne laute Gitarren-Riffs und kantige Beats lieben, bewegen wir uns dabei vor allem im Rock- und Popbereich. Von&nbsp;<strong>Melissa Etheridge&nbsp;<\/strong>\u00fcber<strong>&nbsp;Queen, Pink&nbsp;<\/strong>und<strong>&nbsp;Skunk Anansie&nbsp;<\/strong>bis hin zu<strong>&nbsp;Alicia Keys, Peter Gabriel&nbsp;<\/strong>und&nbsp;<strong>Daft Punk<\/strong>&nbsp;legen&nbsp;wir St\u00fccke aus 50 Jahren Rock- , Pop- und Soulgeschichte&nbsp;auf die Bretter\u2026 und das in einem unverwechselbar, eigenen Stil. Was wir vor allem lieben, sind Gigs mit tollen Menschen zu erleben, die Spa\u00df an Musik haben.<\/p>\n\n\n\n<ul class=\"team-list\"><li class=\"grid\"><div class=\"team-member-info\"><img class='team-picture rounded' src='https:\/\/localhazards.de\/wp-content\/uploads\/2026\/03\/32a690ea-0537-4f1e-8d80-be9b721278d0-2-e1773149114354-150x150.jpg' width='150' title='Peter FUNDA (Drums)' \/><ul class=\"team-member-socials size-32\"><\/ul><\/div><div class='team-member-des'><h2 class=\"team-title\">Peter FUNDA (Drums)<\/h2><h4 class=\"team-position\">Drums<\/h4><ul class=\"team-member-other-info\"><\/ul><\/div><\/li><li class=\"grid\"><div class=\"team-member-info\"><img class='team-picture rounded' src='https:\/\/localhazards.de\/wp-content\/uploads\/2022\/05\/Lisa_TeamPhoto_SW-150x150.jpeg' width='150' title='Lisa GELLENBERG (Vocals)' \/><ul class=\"team-member-socials size-32\"><\/ul><\/div><div class='team-member-des'><h2 class=\"team-title\">Lisa GELLENBERG (Vocals)<\/h2><h4 class=\"team-position\"><\/h4><ul class=\"team-member-other-info\"><\/ul><\/div><\/li><li class=\"grid\"><div class=\"team-member-info\"><img class='team-picture rounded' src='https:\/\/localhazards.de\/wp-content\/uploads\/2014\/04\/4E9A1182-e1654149793929-150x150.jpg' width='150' title='Philip ESSER (Guitars)' \/><ul class=\"team-member-socials size-32\"><\/ul><\/div><div class='team-member-des'><h2 class=\"team-title\">Philip ESSER (Guitars)<\/h2><h4 class=\"team-position\"><\/h4><ul class=\"team-member-other-info\"><\/ul><\/div><\/li><li class=\"grid\"><div class=\"team-member-info\"><img class='team-picture rounded' src='https:\/\/localhazards.de\/wp-content\/uploads\/2016\/03\/DV-LH-e1652293729899-150x150.jpg' width='150' title='David HOTTENBACHER (Bass)' \/><ul class=\"team-member-socials size-32\"><\/ul><\/div><div class='team-member-des'><h2 class=\"team-title\">David HOTTENBACHER (Bass)<\/h2><h4 class=\"team-position\"><\/h4><ul class=\"team-member-other-info\"><\/ul><\/div><\/li><li class=\"grid\"><div class=\"team-member-info\"><img class='team-picture rounded' src='https:\/\/localhazards.de\/wp-content\/uploads\/2014\/04\/HH-LH-e1652293869514-150x150.jpg' width='150' title='Hendrik HOTTENBACHER (Keys)' \/><ul class=\"team-member-socials size-32\"><\/ul><\/div><div class='team-member-des'><h2 class=\"team-title\">Hendrik HOTTENBACHER (Keys)<\/h2><h4 class=\"team-position\"><\/h4><ul class=\"team-member-other-info\"><\/ul><\/div><\/li><li class=\"grid\"><div class=\"team-member-info\"><img class='team-picture rounded' src='https:\/\/localhazards.de\/wp-content\/uploads\/2014\/04\/CM-Portrait-LH-e1652293834410-150x150.jpg' width='150' title='Carsten MARKMANN (Sax)' \/><ul class=\"team-member-socials size-32\"><\/ul><\/div><div class='team-member-des'><h2 class=\"team-title\">Carsten MARKMANN (Sax)<\/h2><h4 class=\"team-position\"><\/h4><ul class=\"team-member-other-info\"><\/ul><\/div><\/li><\/ul>\n","protected":false},"excerpt":{"rendered":"<p>Seit Herbst 2009, als sich die Band f\u00fcr eine Hochzeit von Freunden zusammen tat, liegt uns vor allem eines am Herzen: Musik, die wir selber m\u00f6gen, live auf die B\u00fchne [&hellip;]<\/p>\n","protected":false},"author":2,"featured_media":0,"parent":0,"menu_order":0,"comment_status":"closed","ping_status":"closed","template":"","meta":{"footnotes":""},"_links":{"self":[{"href":"https:\/\/localhazards.de\/index.php?rest_route=\/wp\/v2\/pages\/9"}],"collection":[{"href":"https:\/\/localhazards.de\/index.php?rest_route=\/wp\/v2\/pages"}],"about":[{"href":"https:\/\/localhazards.de\/index.php?rest_route=\/wp\/v2\/types\/page"}],"author":[{"embeddable":true,"href":"https:\/\/localhazards.de\/index.php?rest_route=\/wp\/v2\/users\/2"}],"replies":[{"embeddable":true,"href":"https:\/\/localhazards.de\/index.php?rest_route=%2Fwp%2Fv2%2Fcomments&post=9"}],"version-history":[{"count":67,"href":"https:\/\/localhazards.de\/index.php?rest_route=\/wp\/v2\/pages\/9\/revisions"}],"predecessor-version":[{"id":4155,"href":"https:\/\/localhazards.de\/index.php?rest_route=\/wp\/v2\/pages\/9\/revisions\/4155"}],"wp:attachment":[{"href":"https:\/\/localhazards.de\/index.php?rest_route=%2Fwp%2Fv2%2Fmedia&parent=9"}],"curies":[{"name":"wp","href":"https:\/\/api.w.org\/{rel}","templated":true}]}}